{"id":1076,"date":"2024-05-04T01:51:06","date_gmt":"2024-05-03T23:51:06","guid":{"rendered":"https:\/\/comercializadoramax.com.mx\/?post_type=product&#038;p=1076"},"modified":"2024-05-07T22:53:54","modified_gmt":"2024-05-07T20:53:54","slug":"harpic-power-ultra","status":"publish","type":"product","link":"https:\/\/comercializadoramax.com.mx\/index.php\/producto\/harpic-power-ultra\/","title":{"rendered":"Harpic Power Ultra"},"content":{"rendered":"<p>Limpia y desinfecta desde el borde hasta el drenaje, remueve hasta las manchas m\u00e1s dif\u00edciles, mata el 99.9% de G\u00e9rmenes como: Staphylococcus aureus, Escherichia Coli, Poliovirus, Candida albicans y otros.<\/p>\n","protected":false},"excerpt":{"rendered":"<p>Limpia y desinfecta desde el borde hasta el drenaje, remueve hasta las manchas m\u00e1s dif\u00edciles, mata el 99.9% de G\u00e9rmenes como: Staphylococcus aureus, Escherichia Coli, Poliovirus, Candida albicans y otros.<\/p>\n","protected":false},"featured_media":1077,"comment_status":"open","ping_status":"closed","template":"","meta":{"om_disable_all_campaigns":false,"_monsterinsights_skip_tracking":false,"_monsterinsights_sitenote_active":false,"_monsterinsights_sitenote_note":"","_monsterinsights_sitenote_category":0,"_uf_show_specific_survey":0,"_uf_disable_surveys":false,"_joinchat":[]},"product_cat":[61,143],"product_tag":[132,136,135,133,134],"aioseo_notices":[],"_links":{"self":[{"href":"https:\/\/comercializadoramax.com.mx\/index.php\/wp-json\/wp\/v2\/product\/1076"}],"collection":[{"href":"https:\/\/comercializadoramax.com.mx\/index.php\/wp-json\/wp\/v2\/product"}],"about":[{"href":"https:\/\/comercializadoramax.com.mx\/index.php\/wp-json\/wp\/v2\/types\/product"}],"replies":[{"embeddable":true,"href":"https:\/\/comercializadoramax.com.mx\/index.php\/wp-json\/wp\/v2\/comments?post=1076"}],"wp:featuredmedia":[{"embeddable":true,"href":"https:\/\/comercializadoramax.com.mx\/index.php\/wp-json\/wp\/v2\/media\/1077"}],"wp:attachment":[{"href":"https:\/\/comercializadoramax.com.mx\/index.php\/wp-json\/wp\/v2\/media?parent=1076"}],"wp:term":[{"taxonomy":"product_cat","embeddable":true,"href":"https:\/\/comercializadoramax.com.mx\/index.php\/wp-json\/wp\/v2\/product_cat?post=1076"},{"taxonomy":"product_tag","embeddable":true,"href":"https:\/\/comercializadoramax.com.mx\/index.php\/wp-json\/wp\/v2\/product_tag?post=1076"}],"curies":[{"name":"wp","href":"https:\/\/api.w.org\/{rel}","templated":true}]}}