{"id":1087,"date":"2024-05-15T19:33:44","date_gmt":"2024-05-15T17:33:44","guid":{"rendered":"https:\/\/comercializadoramax.com.mx\/?post_type=product&#038;p=1087"},"modified":"2024-05-15T19:41:39","modified_gmt":"2024-05-15T17:41:39","slug":"plastico-burbuja","status":"publish","type":"product","link":"https:\/\/comercializadoramax.com.mx\/index.php\/producto\/plastico-burbuja\/","title":{"rendered":"Pl\u00e1stico Burbuja"},"content":{"rendered":"<p>El pl\u00e1stico burbuja proporciona acolchonamiento contra golpes, podr\u00e1s proteger tus productos o muebles\u00a0durante los\u00a0env\u00edos, mudanzas o viajes.<br \/>\nEl rollo de burbuja es ideal para\u00a0envolver paquetes u objetos importantes\u00a0de tu negocio.<br \/>\nSe puede cortar a la medida deseada y adem\u00e1s tiene un\u00a0dise\u00f1o en rollo\u00a0que te brinda una f\u00e1cil manipulaci\u00f3n por su\u00a0flexibilidad y resistencia.<\/p>\n","protected":false},"excerpt":{"rendered":"<p>El pl\u00e1stico burbuja proporciona acolchonamiento contra golpes, podr\u00e1s proteger tus productos o muebles\u00a0durante los\u00a0env\u00edos, mudanzas o viajes.<br \/>\nEl rollo de burbuja es ideal para\u00a0envolver paquetes u objetos importantes\u00a0de tu negocio.<br \/>\nSe puede cortar a la medida deseada y adem\u00e1s tiene un\u00a0dise\u00f1o en rollo\u00a0que te brinda una f\u00e1cil manipulaci\u00f3n por su\u00a0flexibilidad y resistencia.<\/p>\n","protected":false},"featured_media":1090,"comment_status":"open","ping_status":"closed","template":"","meta":{"om_disable_all_campaigns":false,"_monsterinsights_skip_tracking":false,"_monsterinsights_sitenote_active":false,"_monsterinsights_sitenote_note":"","_monsterinsights_sitenote_category":0,"_uf_show_specific_survey":0,"_uf_disable_surveys":false,"_joinchat":[]},"product_cat":[65,163],"product_tag":[169,170],"aioseo_notices":[],"_links":{"self":[{"href":"https:\/\/comercializadoramax.com.mx\/index.php\/wp-json\/wp\/v2\/product\/1087"}],"collection":[{"href":"https:\/\/comercializadoramax.com.mx\/index.php\/wp-json\/wp\/v2\/product"}],"about":[{"href":"https:\/\/comercializadoramax.com.mx\/index.php\/wp-json\/wp\/v2\/types\/product"}],"replies":[{"embeddable":true,"href":"https:\/\/comercializadoramax.com.mx\/index.php\/wp-json\/wp\/v2\/comments?post=1087"}],"wp:featuredmedia":[{"embeddable":true,"href":"https:\/\/comercializadoramax.com.mx\/index.php\/wp-json\/wp\/v2\/media\/1090"}],"wp:attachment":[{"href":"https:\/\/comercializadoramax.com.mx\/index.php\/wp-json\/wp\/v2\/media?parent=1087"}],"wp:term":[{"taxonomy":"product_cat","embeddable":true,"href":"https:\/\/comercializadoramax.com.mx\/index.php\/wp-json\/wp\/v2\/product_cat?post=1087"},{"taxonomy":"product_tag","embeddable":true,"href":"https:\/\/comercializadoramax.com.mx\/index.php\/wp-json\/wp\/v2\/product_tag?post=1087"}],"curies":[{"name":"wp","href":"https:\/\/api.w.org\/{rel}","templated":true}]}}