{"id":1092,"date":"2024-05-15T20:04:59","date_gmt":"2024-05-15T18:04:59","guid":{"rendered":"https:\/\/comercializadoramax.com.mx\/?post_type=product&#038;p=1092"},"modified":"2024-05-15T20:04:59","modified_gmt":"2024-05-15T18:04:59","slug":"bolsa-poliseda","status":"publish","type":"product","link":"https:\/\/comercializadoramax.com.mx\/index.php\/producto\/bolsa-poliseda\/","title":{"rendered":"Bolsa Poliseda"},"content":{"rendered":"<div class=\"wpb_text_column wpb_content_element \">\n<div class=\"wpb_wrapper\">\n<p>Las bolsas te dan la comodidad y practicidad para cargar\u00a0peque\u00f1as cantidades de mercanc\u00eda, adem\u00e1s, es considerada como el principal envase \u00a1en el mundo!.<\/p>\n<\/div>\n<\/div>\n","protected":false},"excerpt":{"rendered":"<p>Las bolsas te dan la comodidad y practicidad para cargar\u00a0peque\u00f1as cantidades de mercanc\u00eda, adem\u00e1s, es considerada como el principal envase \u00a1en el mundo!.<\/p>\n","protected":false},"featured_media":1093,"comment_status":"open","ping_status":"closed","template":"","meta":{"om_disable_all_campaigns":false,"_monsterinsights_skip_tracking":false,"_monsterinsights_sitenote_active":false,"_monsterinsights_sitenote_note":"","_monsterinsights_sitenote_category":0,"_uf_show_specific_survey":0,"_uf_disable_surveys":false,"_joinchat":[]},"product_cat":[161,65],"product_tag":[171,172,174,173],"aioseo_notices":[],"_links":{"self":[{"href":"https:\/\/comercializadoramax.com.mx\/index.php\/wp-json\/wp\/v2\/product\/1092"}],"collection":[{"href":"https:\/\/comercializadoramax.com.mx\/index.php\/wp-json\/wp\/v2\/product"}],"about":[{"href":"https:\/\/comercializadoramax.com.mx\/index.php\/wp-json\/wp\/v2\/types\/product"}],"replies":[{"embeddable":true,"href":"https:\/\/comercializadoramax.com.mx\/index.php\/wp-json\/wp\/v2\/comments?post=1092"}],"wp:featuredmedia":[{"embeddable":true,"href":"https:\/\/comercializadoramax.com.mx\/index.php\/wp-json\/wp\/v2\/media\/1093"}],"wp:attachment":[{"href":"https:\/\/comercializadoramax.com.mx\/index.php\/wp-json\/wp\/v2\/media?parent=1092"}],"wp:term":[{"taxonomy":"product_cat","embeddable":true,"href":"https:\/\/comercializadoramax.com.mx\/index.php\/wp-json\/wp\/v2\/product_cat?post=1092"},{"taxonomy":"product_tag","embeddable":true,"href":"https:\/\/comercializadoramax.com.mx\/index.php\/wp-json\/wp\/v2\/product_tag?post=1092"}],"curies":[{"name":"wp","href":"https:\/\/api.w.org\/{rel}","templated":true}]}}