{"id":1111,"date":"2024-07-08T21:41:41","date_gmt":"2024-07-08T19:41:41","guid":{"rendered":"https:\/\/comercializadoramax.com.mx\/?post_type=product&#038;p=1111"},"modified":"2024-07-08T21:41:41","modified_gmt":"2024-07-08T19:41:41","slug":"foco-luz-led-a25","status":"publish","type":"product","link":"https:\/\/comercializadoramax.com.mx\/index.php\/producto\/foco-luz-led-a25\/","title":{"rendered":"Foco Luz Led A25"},"content":{"rendered":"<p>Foco Led Luz de d\u00eda 6500 K<br \/>\nL\u00e1mpara LED de 18 W de consumo<\/p>\n<p>3 a\u00f1os de garant\u00eda, 10 a\u00f1os de vida \u00fatil.<\/p>\n","protected":false},"excerpt":{"rendered":"<p>Foco Led Luz de d\u00eda 6500 K<br \/>\nL\u00e1mpara LED de 18 W de consumo<\/p>\n<p>3 a\u00f1os de garant\u00eda, 10 a\u00f1os de vida \u00fatil.<\/p>\n","protected":false},"featured_media":1112,"comment_status":"open","ping_status":"closed","template":"","meta":{"om_disable_all_campaigns":false,"_monsterinsights_skip_tracking":false,"_monsterinsights_sitenote_active":false,"_monsterinsights_sitenote_note":"","_monsterinsights_sitenote_category":0,"_uf_show_specific_survey":0,"_uf_disable_surveys":false,"_joinchat":[]},"product_cat":[68,164,66],"product_tag":[189,191,188,190,192],"aioseo_notices":[],"_links":{"self":[{"href":"https:\/\/comercializadoramax.com.mx\/index.php\/wp-json\/wp\/v2\/product\/1111"}],"collection":[{"href":"https:\/\/comercializadoramax.com.mx\/index.php\/wp-json\/wp\/v2\/product"}],"about":[{"href":"https:\/\/comercializadoramax.com.mx\/index.php\/wp-json\/wp\/v2\/types\/product"}],"replies":[{"embeddable":true,"href":"https:\/\/comercializadoramax.com.mx\/index.php\/wp-json\/wp\/v2\/comments?post=1111"}],"wp:featuredmedia":[{"embeddable":true,"href":"https:\/\/comercializadoramax.com.mx\/index.php\/wp-json\/wp\/v2\/media\/1112"}],"wp:attachment":[{"href":"https:\/\/comercializadoramax.com.mx\/index.php\/wp-json\/wp\/v2\/media?parent=1111"}],"wp:term":[{"taxonomy":"product_cat","embeddable":true,"href":"https:\/\/comercializadoramax.com.mx\/index.php\/wp-json\/wp\/v2\/product_cat?post=1111"},{"taxonomy":"product_tag","embeddable":true,"href":"https:\/\/comercializadoramax.com.mx\/index.php\/wp-json\/wp\/v2\/product_tag?post=1111"}],"curies":[{"name":"wp","href":"https:\/\/api.w.org\/{rel}","templated":true}]}}