{"id":1114,"date":"2024-07-08T21:59:31","date_gmt":"2024-07-08T19:59:31","guid":{"rendered":"https:\/\/comercializadoramax.com.mx\/?post_type=product&#038;p=1114"},"modified":"2024-07-08T22:04:01","modified_gmt":"2024-07-08T20:04:01","slug":"pija-negra","status":"publish","type":"product","link":"https:\/\/comercializadoramax.com.mx\/index.php\/producto\/pija-negra\/","title":{"rendered":"Pija Negra"},"content":{"rendered":"<p>Pijas autotaladrantes de acero inoxidable, autoperforan y se autorroscan uniendo los elementos a las estructuras. Son ideales para la fijaci\u00f3n de l\u00e1minas de acero, paneles aislados, laminados pl\u00e1sticos y madera.<\/p>\n","protected":false},"excerpt":{"rendered":"<p>Pijas autotaladrantes de acero inoxidable, autoperforan y se autorroscan uniendo los elementos a las estructuras. Son ideales para la fijaci\u00f3n de l\u00e1minas de acero, paneles aislados, laminados pl\u00e1sticos y madera.<\/p>\n","protected":false},"featured_media":1105,"comment_status":"open","ping_status":"closed","template":"","meta":{"om_disable_all_campaigns":false,"_monsterinsights_skip_tracking":false,"_monsterinsights_sitenote_active":false,"_monsterinsights_sitenote_note":"","_monsterinsights_sitenote_category":0,"_uf_show_specific_survey":0,"_uf_disable_surveys":false,"_joinchat":[]},"product_cat":[66,168],"product_tag":[198,197,196],"aioseo_notices":[],"_links":{"self":[{"href":"https:\/\/comercializadoramax.com.mx\/index.php\/wp-json\/wp\/v2\/product\/1114"}],"collection":[{"href":"https:\/\/comercializadoramax.com.mx\/index.php\/wp-json\/wp\/v2\/product"}],"about":[{"href":"https:\/\/comercializadoramax.com.mx\/index.php\/wp-json\/wp\/v2\/types\/product"}],"replies":[{"embeddable":true,"href":"https:\/\/comercializadoramax.com.mx\/index.php\/wp-json\/wp\/v2\/comments?post=1114"}],"wp:featuredmedia":[{"embeddable":true,"href":"https:\/\/comercializadoramax.com.mx\/index.php\/wp-json\/wp\/v2\/media\/1105"}],"wp:attachment":[{"href":"https:\/\/comercializadoramax.com.mx\/index.php\/wp-json\/wp\/v2\/media?parent=1114"}],"wp:term":[{"taxonomy":"product_cat","embeddable":true,"href":"https:\/\/comercializadoramax.com.mx\/index.php\/wp-json\/wp\/v2\/product_cat?post=1114"},{"taxonomy":"product_tag","embeddable":true,"href":"https:\/\/comercializadoramax.com.mx\/index.php\/wp-json\/wp\/v2\/product_tag?post=1114"}],"curies":[{"name":"wp","href":"https:\/\/api.w.org\/{rel}","templated":true}]}}