{"id":1139,"date":"2024-07-08T23:34:44","date_gmt":"2024-07-08T21:34:44","guid":{"rendered":"https:\/\/comercializadoramax.com.mx\/?post_type=product&#038;p=1139"},"modified":"2024-07-08T23:34:44","modified_gmt":"2024-07-08T21:34:44","slug":"trapeador-vileda","status":"publish","type":"product","link":"https:\/\/comercializadoramax.com.mx\/index.php\/producto\/trapeador-vileda\/","title":{"rendered":"Trapeador Vileda"},"content":{"rendered":"<div id=\"featurebullets_feature_div\" class=\"celwidget\" data-feature-name=\"featurebullets\" data-csa-c-type=\"widget\" data-csa-c-content-id=\"featurebullets\" data-csa-c-slot-id=\"featurebullets_feature_div\" data-csa-c-asin=\"B00VUFXD0S\" data-csa-c-is-in-initial-active-row=\"false\" data-csa-c-id=\"m6iqy0-jdgga2-r83kk0-nzw7vp\" data-cel-widget=\"featurebullets_feature_div\">\n<div id=\"feature-bullets\" class=\"a-section a-spacing-medium a-spacing-top-small\">\n<ul class=\"a-unordered-list a-vertical a-spacing-mini\">\n<li class=\"a-spacing-mini\"><span class=\"a-list-item\">Fibras ultra resistentes y muy absorbentes que duran el doble que otros mops, incluso con el uso de cloro.<\/span><\/li>\n<li class=\"a-spacing-mini\"><span class=\"a-list-item\">Ahora con Microfibras que aumentan la capacidad de limpieza.<\/span><\/li>\n<li class=\"a-spacing-mini\"><span class=\"a-list-item\">Extra absorbente.<\/span><\/li>\n<li class=\"a-spacing-mini\"><span class=\"a-list-item\">M\u00e1xima duraci\u00f3n, incluso con uso de qu\u00edmicos<\/span><\/li>\n<\/ul>\n<\/div>\n<\/div>\n","protected":false},"excerpt":{"rendered":"<ul class=\"a-unordered-list a-vertical a-spacing-mini\">\n<li class=\"a-spacing-mini\"><span class=\"a-list-item\">Fibras ultra resistentes y muy absorbentes que duran el doble que otros mops, incluso con el uso de cloro.<\/span><\/li>\n<li class=\"a-spacing-mini\"><span class=\"a-list-item\">Ahora con Microfibras que aumentan la capacidad de limpieza.<\/span><\/li>\n<li class=\"a-spacing-mini\"><span class=\"a-list-item\">Extra absorbente.<\/span><\/li>\n<li class=\"a-spacing-mini\"><span class=\"a-list-item\">M\u00e1xima duraci\u00f3n, incluso con uso de qu\u00edmicos<\/span><\/li>\n<\/ul>\n","protected":false},"featured_media":1123,"comment_status":"open","ping_status":"closed","template":"","meta":{"om_disable_all_campaigns":false,"_monsterinsights_skip_tracking":false,"_monsterinsights_sitenote_active":false,"_monsterinsights_sitenote_note":"","_monsterinsights_sitenote_category":0,"_uf_show_specific_survey":0,"_uf_disable_surveys":false,"_joinchat":[]},"product_cat":[62,68,148],"product_tag":[220,218,219],"aioseo_notices":[],"_links":{"self":[{"href":"https:\/\/comercializadoramax.com.mx\/index.php\/wp-json\/wp\/v2\/product\/1139"}],"collection":[{"href":"https:\/\/comercializadoramax.com.mx\/index.php\/wp-json\/wp\/v2\/product"}],"about":[{"href":"https:\/\/comercializadoramax.com.mx\/index.php\/wp-json\/wp\/v2\/types\/product"}],"replies":[{"embeddable":true,"href":"https:\/\/comercializadoramax.com.mx\/index.php\/wp-json\/wp\/v2\/comments?post=1139"}],"wp:featuredmedia":[{"embeddable":true,"href":"https:\/\/comercializadoramax.com.mx\/index.php\/wp-json\/wp\/v2\/media\/1123"}],"wp:attachment":[{"href":"https:\/\/comercializadoramax.com.mx\/index.php\/wp-json\/wp\/v2\/media?parent=1139"}],"wp:term":[{"taxonomy":"product_cat","embeddable":true,"href":"https:\/\/comercializadoramax.com.mx\/index.php\/wp-json\/wp\/v2\/product_cat?post=1139"},{"taxonomy":"product_tag","embeddable":true,"href":"https:\/\/comercializadoramax.com.mx\/index.php\/wp-json\/wp\/v2\/product_tag?post=1139"}],"curies":[{"name":"wp","href":"https:\/\/api.w.org\/{rel}","templated":true}]}}