{"id":1250,"date":"2025-01-28T02:43:58","date_gmt":"2025-01-28T01:43:58","guid":{"rendered":"https:\/\/comercializadoramax.com.mx\/?post_type=product&#038;p=1250"},"modified":"2025-01-28T02:45:27","modified_gmt":"2025-01-28T01:45:27","slug":"mr-musculo-sarro-y-mugre","status":"publish","type":"product","link":"https:\/\/comercializadoramax.com.mx\/index.php\/producto\/mr-musculo-sarro-y-mugre\/","title":{"rendered":"Mr Musculo Sarro y Mugre"},"content":{"rendered":"<p>El removedor de sedimentos de Mr M\u00fasculo le gana a la suciedad rebelde y a las manchas de los sedimentos del ba\u00f1o, para que puedas limpiar menos y disfrutar m\u00e1s.<\/p>\n<p>\u00c1reas de uso:<\/p>\n<ul>\n<li>Baldosas de cer\u00e1mica<\/li>\n<li>Ba\u00f1o y ba\u00f1era<\/li>\n<li>Regadera<\/li>\n<li>Gorros de regadera y grifos<\/li>\n<li>Lavabo<\/li>\n<li>Sanitario<\/li>\n<\/ul>\n","protected":false},"excerpt":{"rendered":"<p>El removedor de sedimentos de Mr M\u00fasculo le gana a la suciedad rebelde y a las manchas de los sedimentos del ba\u00f1o, para que puedas limpiar menos y disfrutar m\u00e1s.<\/p>\n<p>\u00c1reas de uso:<\/p>\n<ul>\n<li>Baldosas de cer\u00e1mica<\/li>\n<li>Ba\u00f1o y ba\u00f1era<\/li>\n<li>Regadera<\/li>\n<li>Gorros de regadera y grifos<\/li>\n<li>Lavabo<\/li>\n<li>Sanitario<\/li>\n<\/ul>\n","protected":false},"featured_media":1252,"comment_status":"open","ping_status":"closed","template":"","meta":{"om_disable_all_campaigns":false,"_monsterinsights_skip_tracking":false,"_monsterinsights_sitenote_active":false,"_monsterinsights_sitenote_note":"","_monsterinsights_sitenote_category":0,"_uf_show_specific_survey":0,"_uf_disable_surveys":false,"_joinchat":[]},"product_cat":[61,143],"product_tag":[232,226,231,134,230],"aioseo_notices":[],"_links":{"self":[{"href":"https:\/\/comercializadoramax.com.mx\/index.php\/wp-json\/wp\/v2\/product\/1250"}],"collection":[{"href":"https:\/\/comercializadoramax.com.mx\/index.php\/wp-json\/wp\/v2\/product"}],"about":[{"href":"https:\/\/comercializadoramax.com.mx\/index.php\/wp-json\/wp\/v2\/types\/product"}],"replies":[{"embeddable":true,"href":"https:\/\/comercializadoramax.com.mx\/index.php\/wp-json\/wp\/v2\/comments?post=1250"}],"wp:featuredmedia":[{"embeddable":true,"href":"https:\/\/comercializadoramax.com.mx\/index.php\/wp-json\/wp\/v2\/media\/1252"}],"wp:attachment":[{"href":"https:\/\/comercializadoramax.com.mx\/index.php\/wp-json\/wp\/v2\/media?parent=1250"}],"wp:term":[{"taxonomy":"product_cat","embeddable":true,"href":"https:\/\/comercializadoramax.com.mx\/index.php\/wp-json\/wp\/v2\/product_cat?post=1250"},{"taxonomy":"product_tag","embeddable":true,"href":"https:\/\/comercializadoramax.com.mx\/index.php\/wp-json\/wp\/v2\/product_tag?post=1250"}],"curies":[{"name":"wp","href":"https:\/\/api.w.org\/{rel}","templated":true}]}}