{"id":1262,"date":"2025-01-31T21:28:08","date_gmt":"2025-01-31T20:28:08","guid":{"rendered":"https:\/\/comercializadoramax.com.mx\/?post_type=product&#038;p=1262"},"modified":"2025-01-31T21:28:08","modified_gmt":"2025-01-31T20:28:08","slug":"acido-muriatico","status":"publish","type":"product","link":"https:\/\/comercializadoramax.com.mx\/index.php\/producto\/acido-muriatico\/","title":{"rendered":"\u00c1cido Muri\u00e1tico"},"content":{"rendered":"<p>Se utiliza como tratamiento de neutralizaci\u00f3n para superficies alcalinas como cemento y hormig\u00f3n ya que con este producto se evita el levantamiento de pinturas.<\/p>\n<p>Evita la formaci\u00f3n de jabones en muros de hormig\u00f3n.<\/p>\n<p>Se utiliza para destape sanitario, es de gran concentraci\u00f3n y alto rendimiento.<\/p>\n","protected":false},"excerpt":{"rendered":"<p>Se utiliza como tratamiento de neutralizaci\u00f3n para superficies alcalinas como cemento y hormig\u00f3n ya que con este producto se evita el levantamiento de pinturas.<\/p>\n<p>Evita la formaci\u00f3n de jabones en muros de hormig\u00f3n.<\/p>\n<p>Se utiliza para destape sanitario, es de gran concentraci\u00f3n y alto rendimiento.<\/p>\n","protected":false},"featured_media":1263,"comment_status":"open","ping_status":"closed","template":"","meta":{"om_disable_all_campaigns":false,"_monsterinsights_skip_tracking":false,"_monsterinsights_sitenote_active":false,"_monsterinsights_sitenote_note":"","_monsterinsights_sitenote_category":0,"_uf_show_specific_survey":0,"_uf_disable_surveys":false,"_joinchat":[]},"product_cat":[61,143],"product_tag":[242,243],"aioseo_notices":[],"_links":{"self":[{"href":"https:\/\/comercializadoramax.com.mx\/index.php\/wp-json\/wp\/v2\/product\/1262"}],"collection":[{"href":"https:\/\/comercializadoramax.com.mx\/index.php\/wp-json\/wp\/v2\/product"}],"about":[{"href":"https:\/\/comercializadoramax.com.mx\/index.php\/wp-json\/wp\/v2\/types\/product"}],"replies":[{"embeddable":true,"href":"https:\/\/comercializadoramax.com.mx\/index.php\/wp-json\/wp\/v2\/comments?post=1262"}],"wp:featuredmedia":[{"embeddable":true,"href":"https:\/\/comercializadoramax.com.mx\/index.php\/wp-json\/wp\/v2\/media\/1263"}],"wp:attachment":[{"href":"https:\/\/comercializadoramax.com.mx\/index.php\/wp-json\/wp\/v2\/media?parent=1262"}],"wp:term":[{"taxonomy":"product_cat","embeddable":true,"href":"https:\/\/comercializadoramax.com.mx\/index.php\/wp-json\/wp\/v2\/product_cat?post=1262"},{"taxonomy":"product_tag","embeddable":true,"href":"https:\/\/comercializadoramax.com.mx\/index.php\/wp-json\/wp\/v2\/product_tag?post=1262"}],"curies":[{"name":"wp","href":"https:\/\/api.w.org\/{rel}","templated":true}]}}