{"id":1268,"date":"2025-02-01T00:07:19","date_gmt":"2025-01-31T23:07:19","guid":{"rendered":"https:\/\/comercializadoramax.com.mx\/?post_type=product&#038;p=1268"},"modified":"2025-02-01T00:20:00","modified_gmt":"2025-01-31T23:20:00","slug":"glade-aerosol","status":"publish","type":"product","link":"https:\/\/comercializadoramax.com.mx\/index.php\/producto\/glade-aerosol\/","title":{"rendered":"Glade Aerosol"},"content":{"rendered":"<p>El ambientador Glade renueva el aire con un delicioso aroma, eliminando malos olores y generando espacios acogedores. Es ideal para un uso diario o como el toque final de la rutina de limpieza.<\/p>\n<p>Refresca al instante tu ba\u00f1o, cocina, sala, dormitorio o estudio. Disponible en una gran variedad de fragancias. La sensaci\u00f3n de limpieza hace que tu hogar se sienta a\u00fan m\u00e1s acogedor. Hasta 7 horas de duraci\u00f3n.<\/p>\n","protected":false},"excerpt":{"rendered":"<p>El ambientador Glade renueva el aire con un delicioso aroma, eliminando malos olores y generando espacios acogedores. Es ideal para un uso diario o como el toque final de la rutina de limpieza.<\/p>\n<p>Refresca al instante tu ba\u00f1o, cocina, sala, dormitorio o estudio. Disponible en una gran variedad de fragancias. La sensaci\u00f3n de limpieza hace que tu hogar se sienta a\u00fan m\u00e1s acogedor. Hasta 7 horas de duraci\u00f3n.<\/p>\n","protected":false},"featured_media":1269,"comment_status":"open","ping_status":"closed","template":"","meta":{"om_disable_all_campaigns":false,"_monsterinsights_skip_tracking":false,"_monsterinsights_sitenote_active":false,"_monsterinsights_sitenote_note":"","_monsterinsights_sitenote_category":0,"_uf_show_specific_survey":0,"_uf_disable_surveys":false,"_joinchat":[]},"product_cat":[61,143],"product_tag":[124,248,250,249,90,251],"aioseo_notices":[],"_links":{"self":[{"href":"https:\/\/comercializadoramax.com.mx\/index.php\/wp-json\/wp\/v2\/product\/1268"}],"collection":[{"href":"https:\/\/comercializadoramax.com.mx\/index.php\/wp-json\/wp\/v2\/product"}],"about":[{"href":"https:\/\/comercializadoramax.com.mx\/index.php\/wp-json\/wp\/v2\/types\/product"}],"replies":[{"embeddable":true,"href":"https:\/\/comercializadoramax.com.mx\/index.php\/wp-json\/wp\/v2\/comments?post=1268"}],"wp:featuredmedia":[{"embeddable":true,"href":"https:\/\/comercializadoramax.com.mx\/index.php\/wp-json\/wp\/v2\/media\/1269"}],"wp:attachment":[{"href":"https:\/\/comercializadoramax.com.mx\/index.php\/wp-json\/wp\/v2\/media?parent=1268"}],"wp:term":[{"taxonomy":"product_cat","embeddable":true,"href":"https:\/\/comercializadoramax.com.mx\/index.php\/wp-json\/wp\/v2\/product_cat?post=1268"},{"taxonomy":"product_tag","embeddable":true,"href":"https:\/\/comercializadoramax.com.mx\/index.php\/wp-json\/wp\/v2\/product_tag?post=1268"}],"curies":[{"name":"wp","href":"https:\/\/api.w.org\/{rel}","templated":true}]}}