{"id":845,"date":"2023-10-13T18:41:14","date_gmt":"2023-10-13T16:41:14","guid":{"rendered":"https:\/\/comercializadoramax.com.mx\/?post_type=product&#038;p=845"},"modified":"2024-05-14T21:44:14","modified_gmt":"2024-05-14T19:44:14","slug":"jabon-liquido-para-manos-aroma-durazno-5lt","status":"publish","type":"product","link":"https:\/\/comercializadoramax.com.mx\/index.php\/producto\/jabon-liquido-para-manos-aroma-durazno-5lt\/","title":{"rendered":"Jab\u00f3n L\u00edquido Para Manos Aroma Durazno 5Lt."},"content":{"rendered":"","protected":false},"excerpt":{"rendered":"<p>Jab\u00f3n L\u00edquido Antibacterial para el lavado de manos, contiene agentes humectantes, desinfectantes y emolientes para una limpieza de manos \u00f3ptima. Totalmente biodegradable.<\/p>\n","protected":false},"featured_media":760,"comment_status":"open","ping_status":"closed","template":"","meta":{"om_disable_all_campaigns":false,"_monsterinsights_skip_tracking":false,"_monsterinsights_sitenote_active":false,"_monsterinsights_sitenote_note":"","_monsterinsights_sitenote_category":0,"_uf_show_specific_survey":0,"_uf_disable_surveys":false,"_joinchat":[]},"product_cat":[138,61,67],"product_tag":[85,79,81],"aioseo_notices":[],"_links":{"self":[{"href":"https:\/\/comercializadoramax.com.mx\/index.php\/wp-json\/wp\/v2\/product\/845"}],"collection":[{"href":"https:\/\/comercializadoramax.com.mx\/index.php\/wp-json\/wp\/v2\/product"}],"about":[{"href":"https:\/\/comercializadoramax.com.mx\/index.php\/wp-json\/wp\/v2\/types\/product"}],"replies":[{"embeddable":true,"href":"https:\/\/comercializadoramax.com.mx\/index.php\/wp-json\/wp\/v2\/comments?post=845"}],"wp:featuredmedia":[{"embeddable":true,"href":"https:\/\/comercializadoramax.com.mx\/index.php\/wp-json\/wp\/v2\/media\/760"}],"wp:attachment":[{"href":"https:\/\/comercializadoramax.com.mx\/index.php\/wp-json\/wp\/v2\/media?parent=845"}],"wp:term":[{"taxonomy":"product_cat","embeddable":true,"href":"https:\/\/comercializadoramax.com.mx\/index.php\/wp-json\/wp\/v2\/product_cat?post=845"},{"taxonomy":"product_tag","embeddable":true,"href":"https:\/\/comercializadoramax.com.mx\/index.php\/wp-json\/wp\/v2\/product_tag?post=845"}],"curies":[{"name":"wp","href":"https:\/\/api.w.org\/{rel}","templated":true}]}}