{"id":848,"date":"2023-10-13T21:10:22","date_gmt":"2023-10-13T19:10:22","guid":{"rendered":"https:\/\/comercializadoramax.com.mx\/?post_type=product&#038;p=848"},"modified":"2024-05-14T21:46:31","modified_gmt":"2024-05-14T19:46:31","slug":"jabon-liquido-para-manos-aroma-te-verde-5-lt","status":"publish","type":"product","link":"https:\/\/comercializadoramax.com.mx\/index.php\/producto\/jabon-liquido-para-manos-aroma-te-verde-5-lt\/","title":{"rendered":"Jab\u00f3n L\u00edquido para Manos Aroma T\u00e9 Verde 5 Lt."},"content":{"rendered":"","protected":false},"excerpt":{"rendered":"<p>Jab\u00f3n L\u00edquido Antibacterial para el lavado de manos, contiene agentes humectantes, desinfectantes y emolientes para una limpieza de manos \u00f3ptima. Totalmente biodegradable.<\/p>\n","protected":false},"featured_media":754,"comment_status":"open","ping_status":"closed","template":"","meta":{"om_disable_all_campaigns":false,"_monsterinsights_skip_tracking":false,"_monsterinsights_sitenote_active":false,"_monsterinsights_sitenote_note":"","_monsterinsights_sitenote_category":0,"_uf_show_specific_survey":0,"_uf_disable_surveys":false,"_joinchat":[]},"product_cat":[138,61,67],"product_tag":[79,81,87],"aioseo_notices":[],"_links":{"self":[{"href":"https:\/\/comercializadoramax.com.mx\/index.php\/wp-json\/wp\/v2\/product\/848"}],"collection":[{"href":"https:\/\/comercializadoramax.com.mx\/index.php\/wp-json\/wp\/v2\/product"}],"about":[{"href":"https:\/\/comercializadoramax.com.mx\/index.php\/wp-json\/wp\/v2\/types\/product"}],"replies":[{"embeddable":true,"href":"https:\/\/comercializadoramax.com.mx\/index.php\/wp-json\/wp\/v2\/comments?post=848"}],"wp:featuredmedia":[{"embeddable":true,"href":"https:\/\/comercializadoramax.com.mx\/index.php\/wp-json\/wp\/v2\/media\/754"}],"wp:attachment":[{"href":"https:\/\/comercializadoramax.com.mx\/index.php\/wp-json\/wp\/v2\/media?parent=848"}],"wp:term":[{"taxonomy":"product_cat","embeddable":true,"href":"https:\/\/comercializadoramax.com.mx\/index.php\/wp-json\/wp\/v2\/product_cat?post=848"},{"taxonomy":"product_tag","embeddable":true,"href":"https:\/\/comercializadoramax.com.mx\/index.php\/wp-json\/wp\/v2\/product_tag?post=848"}],"curies":[{"name":"wp","href":"https:\/\/api.w.org\/{rel}","templated":true}]}}