{"id":887,"date":"2023-10-16T21:58:08","date_gmt":"2023-10-16T19:58:08","guid":{"rendered":"https:\/\/comercializadoramax.com.mx\/?post_type=product&#038;p=887"},"modified":"2024-05-14T21:51:15","modified_gmt":"2024-05-14T19:51:15","slug":"bolsa-natural","status":"publish","type":"product","link":"https:\/\/comercializadoramax.com.mx\/index.php\/producto\/bolsa-natural\/","title":{"rendered":"Bolsa Natural"},"content":{"rendered":"","protected":false},"excerpt":{"rendered":"<p>Bolsa liviana con transparencia, econ\u00f3mica, resistente, ideal para comercio. Las bolsas te dan la comodidad y practicidad para cargar peque\u00f1as cantidades de mercanc\u00eda.<\/p>\n<p>Disponible en los siguientes tama\u00f1os:<\/p>\n<ul>\n<li>18 X 25 cm.<\/li>\n<li>20 X 30 cm.<\/li>\n<li>25 X 35 cm.<\/li>\n<li>30 X 40 cm.<\/li>\n<li>40 X 60 cm.<\/li>\n<li>50 X 70 cm.<\/li>\n<li>60 X 90 cm.<\/li>\n<li>90 X 120 cm.<\/li>\n<\/ul>\n<p>.<\/p>\n","protected":false},"featured_media":888,"comment_status":"open","ping_status":"closed","template":"","meta":{"om_disable_all_campaigns":false,"_monsterinsights_skip_tracking":false,"_monsterinsights_sitenote_active":false,"_monsterinsights_sitenote_note":"","_monsterinsights_sitenote_category":0,"_uf_show_specific_survey":0,"_uf_disable_surveys":false,"_joinchat":[]},"product_cat":[160,67,65],"product_tag":[113,112],"aioseo_notices":[],"_links":{"self":[{"href":"https:\/\/comercializadoramax.com.mx\/index.php\/wp-json\/wp\/v2\/product\/887"}],"collection":[{"href":"https:\/\/comercializadoramax.com.mx\/index.php\/wp-json\/wp\/v2\/product"}],"about":[{"href":"https:\/\/comercializadoramax.com.mx\/index.php\/wp-json\/wp\/v2\/types\/product"}],"replies":[{"embeddable":true,"href":"https:\/\/comercializadoramax.com.mx\/index.php\/wp-json\/wp\/v2\/comments?post=887"}],"wp:featuredmedia":[{"embeddable":true,"href":"https:\/\/comercializadoramax.com.mx\/index.php\/wp-json\/wp\/v2\/media\/888"}],"wp:attachment":[{"href":"https:\/\/comercializadoramax.com.mx\/index.php\/wp-json\/wp\/v2\/media?parent=887"}],"wp:term":[{"taxonomy":"product_cat","embeddable":true,"href":"https:\/\/comercializadoramax.com.mx\/index.php\/wp-json\/wp\/v2\/product_cat?post=887"},{"taxonomy":"product_tag","embeddable":true,"href":"https:\/\/comercializadoramax.com.mx\/index.php\/wp-json\/wp\/v2\/product_tag?post=887"}],"curies":[{"name":"wp","href":"https:\/\/api.w.org\/{rel}","templated":true}]}}